{"id":34,"date":"2012-04-27T19:57:44","date_gmt":"2012-04-27T17:57:44","guid":{"rendered":"http:\/\/www.europan-esp.es\/blog\/?page_id=34"},"modified":"2016-07-14T13:19:22","modified_gmt":"2016-07-14T11:19:22","slug":"que-es-europan","status":"publish","type":"page","link":"http:\/\/www.europan-esp.es\/blog\/?page_id=34","title":{"rendered":"Qu\u00e9 es EUROPAN"},"content":{"rendered":"<p><strong>EUROPAN<\/strong> es la denominaci\u00f3n de un concurso bienal de ideas urbanas y arquitect\u00f3nicas que se ha marcado el objetivo de profundizar en el conocimiento y la investigaci\u00f3n en el campo del h\u00e1bitat y del urbanismo, a trav\u00e9s del intercambio entre profesionales de los pa\u00edses europeos que se suman a la iniciativa.<\/p>\n<p><strong>EUROPAN<\/strong>, en torno a un tema, un reglamento y un calendario com\u00fan a todos los pa\u00edses que lo organizan, convoca a los arquitectos menores de 40 a\u00f1os a participar en la reflexi\u00f3n sobre los emplazamientos urbanos ofrecidos por los organizadores de EUROPAN de todo el continente.<\/p>\n<p>Hasta la fecha y desde su fundaci\u00f3n, en 1988, se han culminado trece convocatorias. Los pa\u00edses participantes en la decimotercera edici\u00f3n de EUROPAN, adem\u00e1s de Espa\u00f1a, son Alemania, Austria, B\u00e9lgica, Croacia, Finlandia, Francia, Pa\u00edses Bajos, Kosovo, Noruega, Polonia, Portugal, Suecia y Suiza. Cada uno de los pa\u00edses miembros posee una organizaci\u00f3n nacional que gestiona, coordina, reglamenta y divulga cada convocatoria. <\/p>\n<p>El Comit\u00e9 Nacional de EUROPAN\/Espa\u00f1a est\u00e1 presidido por el Ministerio de Fomento y sus miembros son, principalmente, las administraciones auton\u00f3micas y locales de nuestro pa\u00eds.<br \/>\nEl Consejo Superior de los Colegios de Arquitectos de Espa\u00f1a alberga la sede del Secretariado ejecutivo.<br \/>\n<\/p>\n<p><strong>Objetivos de los concursos EUROPAN<\/strong><\/p>\n<p><strong>EUROPAN <\/strong>trabaja con los responsables de las ciudades europeas para encontrar respuestas arquitect\u00f3nicas y urbanas innovadoras.<\/p>\n<p><strong>EUROPAN <\/strong>pone a disposici\u00f3n de los arquitectos europeos menores de 40 a\u00f1os una plataforma de ayuda para desarrollar y a dar a conocer sus ideas en el \u00e1mbito internacional.<\/p>\n<p>Formar parte de <strong>EUROPAN <\/strong>implica el acercamiento y la colaboraci\u00f3n entre los responsables de suelo de los pa\u00edses organizadores. Esta colaboraci\u00f3n propicia, a trav\u00e9s de los proyectos premiados y del debate que generan, una reflexi\u00f3n abierta, esencial para el futuro desarrollo de los emplazamientos propuestos.<\/p>\n<p>Los objetivos de <strong>EUROPAN <\/strong>se podr\u00edan resumir en los siguientes principios<br \/>\n\u25cb Trabajar en las ciudades europeas en una escala intermedia entre el urbanismo y la arquitectura.<br \/>\n\u25cb Fomentar el debate y la investigaci\u00f3n entre los profesionales europeos.<br \/>\n\u25cb Conseguir la m\u00e1xima visibilidad de los proyectos premiados por los jurados.<br \/>\n\u25cb Poner a disposici\u00f3n de los concursantes una estructura que facilite su incorporaci\u00f3n al mercado laboral.<br \/>\n\t<\/p>\n<p><strong>PROCEDIMIENTO<\/strong><\/p>\n<p>A partir del tema de una edici\u00f3n, las ciudades europeas proponen emplazamientos urbanos a trav\u00e9s de las estructuras nacionales de <strong>EUROPAN<\/strong>. En Espa\u00f1a, los miembros del Comit\u00e9 Nacional se dirigen a los municipios para averiguar qu\u00e9 administraciones podr\u00edan estar interesadas en trabajar, por un periodo de dos a\u00f1os, en la mejora de sus territorios a trav\u00e9s del concurso <strong>EUROPAN<\/strong>.<\/p>\n<p>Las propuestas de suelo son recibidas en el Secretariado ejecutivo que las somete al an\u00e1lisis y selecci\u00f3n del Comit\u00e9 Nacional.<\/p>\n<p>Los emplazamientos seleccionados, tras ser estudiados y clasificados por temas en el \u00e1mbito europeo, se ofrecen a los j\u00f3venes arquitectos que desean participar en el concurso.<br \/>\n&#8211; Cada pa\u00eds participante organiza su propio jurado nacional, formado, en una proporci\u00f3n significativa, por miembros extranjeros.<br \/>\n&#8211; Los concursantes entregan sus proyectos en el pa\u00eds en el que se encuentra el emplazamiento.<br \/>\n&#8211; Los premios se arbitran desde el presupuesto de EUROPAN. El encargo de las propuestas premiadas a los  equipos ganadores, espa\u00f1oles o de cualquier otro pa\u00eds europeo es competencia del responsable del suelo a concurso. La organizaci\u00f3n de EUROPAN\/Espa\u00f1a ofrece mediaci\u00f3n y ayuda para pasar de las ideas de concurso a la puesta en pr\u00e1ctica de los proyectos urbanos y\/o arquitect\u00f3nicos. <\/p>\n<p>Cada organizaci\u00f3n nacional se ocupa de preparar, coordinar y divulgar los concursos, de convocar al jurado internacional, de gestionar los premios y de hacer el seguimiento de los proyectos que se derivan de las sucesivas ediciones.<br \/>\n<\/p>\n<p><strong>EUROPAN\/Europa<\/strong><\/p>\n<p>Una edici\u00f3n de <strong>EUROPAN <\/strong>est\u00e1 estructurada con diferentes actos internacionales que aseguran el intercambio de ideas y el debate entre los diferentes participantes.<br \/>\n&#8211; El Forum <em>Entresesiones <\/em> brinda la ocasi\u00f3n de capitalizar los resultados de una edici\u00f3n y de lanzar la nueva convocatoria, invitando a las ciudades que han propuesto emplazamientos a comparar, analizar y perfeccionar los programas de concurso.<br \/>\n&#8211; El Forum de los Jurados y de las Ciudades es el segundo gran evento europeo de la edici\u00f3n del concurso. Organizado en torno a los proyectos de ideas preseleccionados por los diferentes jurados nacionales, pretende profundizar en el di\u00e1logo entre los responsables de suelo y el jurado.<br \/>\n<\/p>\n<p><strong>CONDICIONES REQUERIDAS A LOS EMPLAZAMIENTOS<\/strong><\/p>\n<p>1. Adecuaci\u00f3n a los criterios generales y objetivos de <strong>EUROPAN<\/strong>.<br \/>\n2. Flexibilidad y amplitud en cuanto a la normativa que en la actualidad afecte al terreno.<br \/>\n3. Condiciones de disponibilidad de los terrenos, compatibles con el calendario del concurso.<br \/>\n4. Preferiblemente, ser\u00e1n terrenos que se puedan desarrollar de forma inmediata mediante su correspondiente instrumento de planeamiento y gesti\u00f3n que permita, en un futuro pr\u00f3ximo, su urbanizaci\u00f3n y\/o edificaci\u00f3n de acuerdo con las ideas de los proyectos galardonados.<br \/>\n5. Las propuestas de emplazamientos estar\u00e1n acompa\u00f1adas del compromiso firmado del responsable p\u00fablico de suelo de adherirse al Comit\u00e9 Nacional, contribuir a su presupuesto y facilitar la informaci\u00f3n requerida en los plazos estipulados, as\u00ed como de aceptar el fallo del Jurado.<br \/>\n6. Ser\u00e1 igualmente necesario el compromiso del responsable del suelo a concurso de que, como consecuencia del fallo de EUROPAN\/Espa\u00f1a, se derivar\u00e1 un encargo a los equipos premiados de alguna fase de trabajo concreto.<\/p>\n","protected":false},"excerpt":{"rendered":"<p>EUROPAN es la denominaci\u00f3n de un concurso bienal de ideas urbanas y arquitect\u00f3nicas que se ha marcado el objetivo de profundizar en el conocimiento y la investigaci\u00f3n en el campo del h\u00e1bitat y del urbanismo, a trav\u00e9s del intercambio entre profesionales de los pa\u00edses europeos que se suman a la iniciativa. EUROPAN, en torno a un tema, un reglamento y un calendario com\u00fan a todos los pa\u00edses que lo organizan, convoca a los arquitectos menores de 40 a\u00f1os a participar en la reflexi\u00f3n sobre los emplazamientos urbanos ofrecidos por los organizadores de EUROPAN de todo el continente. Hasta la fecha y desde su fundaci\u00f3n, en 1988, se han culminado trece convocatorias. Los pa\u00edses participantes en la decimotercera edici\u00f3n de EUROPAN, adem\u00e1s de Espa\u00f1a, son Alemania, Austria, B\u00e9lgica, Croacia, Finlandia, Francia, Pa\u00edses Bajos, Kosovo, Noruega, Polonia, Portugal, Suecia y Suiza. Cada uno de los pa\u00edses miembros posee una organizaci\u00f3n nacional que gestiona, coordina, reglamenta y divulga cada convocatoria. El Comit\u00e9 Nacional de EUROPAN\/Espa\u00f1a est\u00e1 presidido por el Ministerio de Fomento y sus miembros son, principalmente, las administraciones auton\u00f3micas y locales de nuestro pa\u00eds. El Consejo Superior de los Colegios de Arquitectos de Espa\u00f1a alberga la sede del Secretariado ejecutivo. Objetivos de [&hellip;]<\/p>\n","protected":false},"author":1,"featured_media":0,"parent":0,"menu_order":0,"comment_status":"open","ping_status":"open","template":"","meta":[],"_links":{"self":[{"href":"http:\/\/www.europan-esp.es\/blog\/index.php?rest_route=\/wp\/v2\/pages\/34"}],"collection":[{"href":"http:\/\/www.europan-esp.es\/blog\/index.php?rest_route=\/wp\/v2\/pages"}],"about":[{"href":"http:\/\/www.europan-esp.es\/blog\/index.php?rest_route=\/wp\/v2\/types\/page"}],"author":[{"embeddable":true,"href":"http:\/\/www.europan-esp.es\/blog\/index.php?rest_route=\/wp\/v2\/users\/1"}],"replies":[{"embeddable":true,"href":"http:\/\/www.europan-esp.es\/blog\/index.php?rest_route=%2Fwp%2Fv2%2Fcomments&post=34"}],"version-history":[{"count":17,"href":"http:\/\/www.europan-esp.es\/blog\/index.php?rest_route=\/wp\/v2\/pages\/34\/revisions"}],"predecessor-version":[{"id":2664,"href":"http:\/\/www.europan-esp.es\/blog\/index.php?rest_route=\/wp\/v2\/pages\/34\/revisions\/2664"}],"wp:attachment":[{"href":"http:\/\/www.europan-esp.es\/blog\/index.php?rest_route=%2Fwp%2Fv2%2Fmedia&parent=34"}],"curies":[{"name":"wp","href":"https:\/\/api.w.org\/{rel}","templated":true}]}}